{"id":216,"date":"2025-07-28T14:06:20","date_gmt":"2025-07-28T14:06:20","guid":{"rendered":"https:\/\/nutrigestbyivetbonjorn.com\/?page_id=216"},"modified":"2025-07-28T14:15:04","modified_gmt":"2025-07-28T14:15:04","slug":"qui-som","status":"publish","type":"page","link":"https:\/\/nutrigestbyivetbonjorn.com\/es\/qui-som\/","title":{"rendered":"Qui\u00e9nes somos"},"content":{"rendered":"<div data-elementor-type=\"wp-page\" data-elementor-id=\"216\" class=\"elementor elementor-216\">\n\t\t\t\t<div class=\"elementor-element elementor-element-0a60709 e-flex e-con-boxed elementor-invisible e-con e-parent\" data-id=\"0a60709\" data-element_type=\"container\" data-settings=\"{&quot;animation&quot;:&quot;fadeIn&quot;}\">\n\t\t\t\t\t<div class=\"e-con-inner\">\n\t\t<div class=\"elementor-element elementor-element-b47f71d e-con-full e-flex e-con e-child\" data-id=\"b47f71d\" data-element_type=\"container\">\n\t\t\t\t<div class=\"elementor-element elementor-element-7193577 elementor-widget elementor-widget-heading\" data-id=\"7193577\" data-element_type=\"widget\" data-widget_type=\"heading.default\">\n\t\t\t\t\t<h2 class=\"elementor-heading-title elementor-size-default\">ivet bonjorn mart\u00ed<\/h2>\t\t\t\t<\/div>\n\t\t\t\t<div class=\"elementor-element elementor-element-fa33484 elementor-widget elementor-widget-text-editor\" data-id=\"fa33484\" data-element_type=\"widget\" data-widget_type=\"text-editor.default\">\n\t\t\t\t\t\t\t\t\t<p>Dietista \u2013 Nutricionista<\/p><p><span style=\"color: #bad4aa;\"><strong>Colegiada CAT002789<\/strong><\/span><\/p>\t\t\t\t\t\t\t\t<\/div>\n\t\t\t\t<div class=\"elementor-element elementor-element-64c5439 elementor-widget-divider--separator-type-pattern elementor-widget-divider--no-spacing elementor-widget-divider--view-line elementor-widget elementor-widget-divider\" data-id=\"64c5439\" data-element_type=\"widget\" data-widget_type=\"divider.default\">\n\t\t\t\t\t\t\t<div class=\"elementor-divider\" style=\"--divider-pattern-url: url(&quot;data:image\/svg+xml,%3Csvg xmlns=&#039;http:\/\/www.w3.org\/2000\/svg&#039; preserveAspectRatio=&#039;xMidYMid meet&#039; overflow=&#039;visible&#039; height=&#039;100%&#039; viewBox=&#039;0 0 120 26&#039; fill=&#039;black&#039; stroke=&#039;none&#039;%3E%3Cpath d=&#039;M54,1.6V26h-9V2.5L54,1.6z M69,1.6v23.3L60,26V1.6H69z M24,1.6v23.5l-9-0.6V1.6H24z M30,0l9,0.7v24.5h-9V0z M9,2.5v22H0V3.7L9,2.5z M75,1.6l9,0.9v22h-9V1.6z M99,2.7v21.7h-9V3.8L99,2.7z M114,3.8v20.7l-9-0.5V3.8L114,3.8z&#039;\/%3E%3C\/svg%3E&quot;);\">\n\t\t\t<span class=\"elementor-divider-separator\">\n\t\t\t\t\t\t<\/span>\n\t\t<\/div>\n\t\t\t\t\t\t<\/div>\n\t\t\t\t<div class=\"elementor-element elementor-element-b878b52 elementor-widget elementor-widget-text-editor\" data-id=\"b878b52\" data-element_type=\"widget\" data-widget_type=\"text-editor.default\">\n\t\t\t\t\t\t\t\t\t<p><span style=\"font-weight: 400;\">Desde peque\u00f1a el deporte ha formado parte de mi d\u00eda a d\u00eda, ya sea andando por la monta\u00f1a, practicando deportes de equipo o yendo al gimnasio, siempre me ha hecho sentir bien y me ha ayudado a conectar conmigo misma. Con el tiempo, empec\u00e9 a interesarme mucho por la alimentaci\u00f3n y por c\u00f3mo influye en nuestro bienestar. Y as\u00ed empez\u00f3 todo.<\/span><\/p><p><span style=\"font-weight: 400;\">A lo largo de los a\u00f1os he tenido la oportunidad de conocer distintos \u00e1mbitos de la nutrici\u00f3n. Empec\u00e9 en la restauraci\u00f3n colectiva en el Hospital Arnau de Vilanova, donde vi la importancia de garantizar una alimentaci\u00f3n saludable para todo el mundo. Tambi\u00e9n he trabajado en nutrici\u00f3n comunit\u00e0ria en los EAP de Rambla Ferran y Mollerussa, y en nutrici\u00f3n cl\u00ednica en el Hospital Sant Joan de D\u00e9u de Manresa. En \u00e9ste \u00faltimo fue donde realmente tom\u00e9 consciencia de c\u00f3mo nuestra salud puede cambiar con una buena alimentaci\u00f3n, y de c\u00f3mo cada persona vive su propia realidad de manera \u00fanica.<\/span><\/p><p><span style=\"font-weight: 400;\">Como Dietista-Nutricionista, no entiendo la salud por separado. Por eso, me gusta escucharos, entender vuestra historia, h\u00e1bitos, preocupaciones... y a partir de aqu\u00ed acompa\u00f1aros con un asesoramiento que realmente se adapte a vuestro momento vital y necesidades.<\/span><\/p>\t\t\t\t\t\t\t\t<\/div>\n\t\t\t\t<\/div>\n\t\t<div class=\"elementor-element elementor-element-f643049 e-con-full e-flex e-con e-child\" data-id=\"f643049\" data-element_type=\"container\">\n\t\t\t\t<div class=\"elementor-element elementor-element-82e90a9 elementor-widget elementor-widget-image\" data-id=\"82e90a9\" data-element_type=\"widget\" data-widget_type=\"image.default\">\n\t\t\t\t\t\t\t\t\t\t\t\t\t\t\t<img fetchpriority=\"high\" decoding=\"async\" width=\"1010\" height=\"1280\" src=\"https:\/\/nutrigestbyivetbonjorn.com\/wp-content\/uploads\/2025\/07\/FOTOMEVA3-e1753711228373.jpg\" class=\"attachment-full size-full wp-image-218\" alt=\"\" srcset=\"https:\/\/nutrigestbyivetbonjorn.com\/wp-content\/uploads\/2025\/07\/FOTOMEVA3-e1753711228373.jpg 1010w, https:\/\/nutrigestbyivetbonjorn.com\/wp-content\/uploads\/2025\/07\/FOTOMEVA3-e1753711228373-237x300.jpg 237w, https:\/\/nutrigestbyivetbonjorn.com\/wp-content\/uploads\/2025\/07\/FOTOMEVA3-e1753711228373-808x1024.jpg 808w, https:\/\/nutrigestbyivetbonjorn.com\/wp-content\/uploads\/2025\/07\/FOTOMEVA3-e1753711228373-768x973.jpg 768w, https:\/\/nutrigestbyivetbonjorn.com\/wp-content\/uploads\/2025\/07\/FOTOMEVA3-e1753711228373-9x12.jpg 9w\" sizes=\"(max-width: 1010px) 100vw, 1010px\" \/>\t\t\t\t\t\t\t\t\t\t\t\t\t\t\t<\/div>\n\t\t\t\t<\/div>\n\t\t\t\t\t<\/div>\n\t\t\t\t<\/div>\n\t\t\t\t<\/div>","protected":false},"excerpt":{"rendered":"<p>ivet bonjorn mart\u00ed Dietista &#8211; Nutricionista Col\u00b7legiada CAT002789 Des de ben petita l\u2019esport ha format part del meu dia a dia, ja sigui caminant per la muntanya, jugant a esports d\u2019equip o anant al gimn\u00e0s, sempre m\u2019ha fet sentir b\u00e9 i m\u2019ha ajudat a connectar amb mi mateixa. Amb el temps, tamb\u00e9 vaig comen\u00e7ar a [&hellip;]<\/p>","protected":false},"author":1,"featured_media":0,"parent":0,"menu_order":0,"comment_status":"closed","ping_status":"closed","template":"elementor_canvas","meta":{"footnotes":""},"class_list":["post-216","page","type-page","status-publish","hentry"],"aioseo_notices":[],"_links":{"self":[{"href":"https:\/\/nutrigestbyivetbonjorn.com\/es\/wp-json\/wp\/v2\/pages\/216","targetHints":{"allow":["GET"]}}],"collection":[{"href":"https:\/\/nutrigestbyivetbonjorn.com\/es\/wp-json\/wp\/v2\/pages"}],"about":[{"href":"https:\/\/nutrigestbyivetbonjorn.com\/es\/wp-json\/wp\/v2\/types\/page"}],"author":[{"embeddable":true,"href":"https:\/\/nutrigestbyivetbonjorn.com\/es\/wp-json\/wp\/v2\/users\/1"}],"replies":[{"embeddable":true,"href":"https:\/\/nutrigestbyivetbonjorn.com\/es\/wp-json\/wp\/v2\/comments?post=216"}],"version-history":[{"count":13,"href":"https:\/\/nutrigestbyivetbonjorn.com\/es\/wp-json\/wp\/v2\/pages\/216\/revisions"}],"predecessor-version":[{"id":243,"href":"https:\/\/nutrigestbyivetbonjorn.com\/es\/wp-json\/wp\/v2\/pages\/216\/revisions\/243"}],"wp:attachment":[{"href":"https:\/\/nutrigestbyivetbonjorn.com\/es\/wp-json\/wp\/v2\/media?parent=216"}],"curies":[{"name":"wp","href":"https:\/\/api.w.org\/{rel}","templated":true}]}}